{"id":7980,"date":"2021-11-22T11:38:51","date_gmt":"2021-11-22T17:38:51","guid":{"rendered":"https:\/\/sanpascualitorey.com\/merch\/?post_type=product&#038;p=7980"},"modified":"2026-02-20T12:01:35","modified_gmt":"2026-02-20T18:01:35","slug":"corazon-minado-declaratoria","status":"publish","type":"product","link":"https:\/\/sanpascualitorey.com\/merch\/producto\/corazon-minado-declaratoria\/","title":{"rendered":"Coraz\u00f3n minado &#8211; Declaratoria"},"content":{"rendered":"<p>Pascual Reyes es reh\u00e9n de sus paranoias y su presi\u00f3n promedio ligeramente alta (130\/90). Tirado pa&#8217;delante, a veces medio desafinado, con malos chistes en el escenario, pero eso s\u00ed, siempre con harto sentimiento. A ra\u00edz de este trabajo se declara oficialmente NO escritor, por respeto a quienes se dedican a ese oficio. \u00c9l es s\u00f3lo un cancionero reflexivo.<\/p>\n<p>&nbsp;<\/p>\n","protected":false},"excerpt":{"rendered":"<p>Pascual Reyes es reh\u00e9n de sus paranoias y su presi\u00f3n promedio ligeramente alta (130\/90). Tirado pa&#8217;delante, a veces medio desafinado, con malos chistes en el escenario, pero eso s\u00ed, siempre con harto sentimiento. A ra\u00edz de este trabajo se declara oficialmente NO escritor, por respeto a quienes se dedican a ese oficio. \u00c9l es s\u00f3lo un cancionero reflexivo.<\/p>\n<p>&nbsp;<\/p>\n","protected":false},"featured_media":7981,"template":"","meta":[],"product_brand":[],"product_cat":[15],"product_tag":[],"class_list":{"0":"post-7980","1":"product","2":"type-product","3":"status-publish","4":"has-post-thumbnail","6":"product_cat-otros","7":"product_shipping_class-normal","9":"first","10":"instock","11":"purchasable","12":"product-type-simple"},"exclude_global_add_ons":[],"addons":[],"_links":{"self":[{"href":"https:\/\/sanpascualitorey.com\/merch\/wp-json\/wp\/v2\/product\/7980","targetHints":{"allow":["GET"]}}],"collection":[{"href":"https:\/\/sanpascualitorey.com\/merch\/wp-json\/wp\/v2\/product"}],"about":[{"href":"https:\/\/sanpascualitorey.com\/merch\/wp-json\/wp\/v2\/types\/product"}],"wp:featuredmedia":[{"embeddable":true,"href":"https:\/\/sanpascualitorey.com\/merch\/wp-json\/wp\/v2\/media\/7981"}],"wp:attachment":[{"href":"https:\/\/sanpascualitorey.com\/merch\/wp-json\/wp\/v2\/media?parent=7980"}],"wp:term":[{"taxonomy":"product_brand","embeddable":true,"href":"https:\/\/sanpascualitorey.com\/merch\/wp-json\/wp\/v2\/product_brand?post=7980"},{"taxonomy":"product_cat","embeddable":true,"href":"https:\/\/sanpascualitorey.com\/merch\/wp-json\/wp\/v2\/product_cat?post=7980"},{"taxonomy":"product_tag","embeddable":true,"href":"https:\/\/sanpascualitorey.com\/merch\/wp-json\/wp\/v2\/product_tag?post=7980"}],"curies":[{"name":"wp","href":"https:\/\/api.w.org\/{rel}","templated":true}]}}