{"id":6105,"date":"2021-03-18T18:46:30","date_gmt":"2021-03-19T00:46:30","guid":{"rendered":"https:\/\/sanpascualitorey.com\/merch\/?post_type=product&#038;p=6105"},"modified":"2026-03-14T11:03:12","modified_gmt":"2026-03-14T17:03:12","slug":"blusa-negra-animanecia-cartel","status":"publish","type":"product","link":"https:\/\/sanpascualitorey.com\/merch\/producto\/blusa-negra-animanecia-cartel\/","title":{"rendered":"Blusa Negra &#8211; ANIMANECIA &#8211; Live Streaming"},"content":{"rendered":"<p>Blusa color negro, conmemorativa al \u00a0disco Animanecia, en el marco del Live Streaming tem\u00e1tico de San Pascualito Rey\u00a0\u2013 TODO NOS TRAJO HASTA ANIMANECIA.<br \/>\nArte especial del artista gr\u00e1fico Harbin Harrison.<br \/>\nPrenda 100% algod\u00f3n peso completo. Estampado s\u00f3lo frente en serigraf\u00eda base agua con aplicaci\u00f3n en Dorado.<\/p>\n<p>&nbsp;<\/p>\n","protected":false},"excerpt":{"rendered":"<p>Playera color negro, conmemorativa al \u00a0disco Animanecia, en el marco del Live Streaming tem\u00e1tico de San Pascualito Rey\u00a0\u2013 TODO NOS TRAJO HASTA ANIMANECIA.<br \/>\nArte especial del artista gr\u00e1fico Harbin Harrison.<br \/>\nPrenda 100% algod\u00f3n peso completo. Estampado s\u00f3lo frente en serigraf\u00eda base agua con aplicaci\u00f3n en Dorado.<\/p>\n<p>&nbsp;<\/p>\n","protected":false},"featured_media":6111,"template":"","meta":[],"product_brand":[],"product_cat":[128,131,80,121],"product_tag":[100,129],"class_list":{"0":"post-6105","1":"product","2":"type-product","3":"status-publish","4":"has-post-thumbnail","6":"product_cat-animanecia","7":"product_cat-animanecia-2","8":"product_cat-blusas","9":"product_cat-live-streamings","10":"product_tag-blusas","11":"product_tag-todonostrajohastahoy","12":"product_shipping_class-normal","14":"first","15":"instock","16":"sale","17":"purchasable","18":"product-type-variable","19":"has-default-attributes"},"exclude_global_add_ons":[],"addons":[],"_links":{"self":[{"href":"https:\/\/sanpascualitorey.com\/merch\/wp-json\/wp\/v2\/product\/6105","targetHints":{"allow":["GET"]}}],"collection":[{"href":"https:\/\/sanpascualitorey.com\/merch\/wp-json\/wp\/v2\/product"}],"about":[{"href":"https:\/\/sanpascualitorey.com\/merch\/wp-json\/wp\/v2\/types\/product"}],"wp:featuredmedia":[{"embeddable":true,"href":"https:\/\/sanpascualitorey.com\/merch\/wp-json\/wp\/v2\/media\/6111"}],"wp:attachment":[{"href":"https:\/\/sanpascualitorey.com\/merch\/wp-json\/wp\/v2\/media?parent=6105"}],"wp:term":[{"taxonomy":"product_brand","embeddable":true,"href":"https:\/\/sanpascualitorey.com\/merch\/wp-json\/wp\/v2\/product_brand?post=6105"},{"taxonomy":"product_cat","embeddable":true,"href":"https:\/\/sanpascualitorey.com\/merch\/wp-json\/wp\/v2\/product_cat?post=6105"},{"taxonomy":"product_tag","embeddable":true,"href":"https:\/\/sanpascualitorey.com\/merch\/wp-json\/wp\/v2\/product_tag?post=6105"}],"curies":[{"name":"wp","href":"https:\/\/api.w.org\/{rel}","templated":true}]}}