{"id":5818,"date":"2021-03-10T14:15:09","date_gmt":"2021-03-10T20:15:09","guid":{"rendered":"https:\/\/sanpascualitorey.com\/merch\/?post_type=product&#038;p=5818"},"modified":"2025-12-03T10:19:06","modified_gmt":"2025-12-03T16:19:06","slug":"serigrafia-todo-nos-trajo-hasta-hoy","status":"publish","type":"product","link":"https:\/\/sanpascualitorey.com\/merch\/producto\/serigrafia-todo-nos-trajo-hasta-hoy\/","title":{"rendered":"Serigraf\u00eda |  Live Streaming TODO NOS TRAJO HASTA HOY"},"content":{"rendered":"<p>Serigraf\u00eda conmemorativa al disco TODO NOS TRAJO HASTA HOY, como parte de la colecci\u00f3n del Show Live Streaming tem\u00e1tico de San Pascualito Rey &#8211; \u00a0&#8220;Todo nos trajo hasta Animanecia.<\/p>\n<p>Arte especial del artista gr\u00e1fico Harbin Harrison en una re-interpretaci\u00f3n de la portada del disco.\u00a0 Edici\u00f3n limitada numerada y firmada por el propio artista gr\u00e1fico (y con suerte tambi\u00e9n de la misma banda).<\/p>\n<p>Medidas 30 x 60 cm.<\/p>\n<p><span style=\"font-size: large\">Acabados en barniz y dorado.<\/span><\/p>\n<p><span style=\"color: #ff0000\"><strong>Nota: Env\u00edos solo a territorio mexicano.<\/strong><\/span><\/p>\n<p><strong style=\"color: #ff0000\">Este producto se env\u00eda por separado.<\/strong><\/p>\n","protected":false},"excerpt":{"rendered":"<p>Serigraf\u00eda conmemorativa al disco TODO NOS TRAJO HASTA HOY, como parte de la colecci\u00f3n del Show Live Streaming tem\u00e1tico de San Pascualito Rey &#8211; \u00a0&#8220;Todo nos trajo hasta Animanecia.<\/p>\n<p>Arte especial del artista gr\u00e1fico Harbin Harrison en una re-interpretaci\u00f3n de la portada del disco.\u00a0 Edici\u00f3n limitada numerada y firmada por el propio artista gr\u00e1fico (y con suerte tambi\u00e9n de la misma banda).<\/p>\n<p>Medidas 30 x 60 cm.<\/p>\n<p><span style=\"color: #ff0000\"><strong>Nota: Env\u00edos solo a territorio mexicano.<br \/>\n<\/strong><\/span><strong style=\"color: #ff0000\">Este producto se env\u00eda por separado.<\/strong><\/p>\n","protected":false},"featured_media":5819,"template":"","meta":[],"product_brand":[],"product_cat":[15,113,127],"product_tag":[98,130],"class_list":{"0":"post-5818","1":"product","2":"type-product","3":"status-publish","4":"has-post-thumbnail","6":"product_cat-otros","7":"product_cat-serigrafias","8":"product_cat-todo-nos-trajo-hasta-hoy","9":"product_tag-serigrafias","10":"product_tag-todo-nos-trajo-hasta-hoy","11":"product_shipping_class-seri","13":"first","14":"instock","15":"sale","16":"purchasable","17":"product-type-simple"},"exclude_global_add_ons":[],"addons":[],"_links":{"self":[{"href":"https:\/\/sanpascualitorey.com\/merch\/wp-json\/wp\/v2\/product\/5818","targetHints":{"allow":["GET"]}}],"collection":[{"href":"https:\/\/sanpascualitorey.com\/merch\/wp-json\/wp\/v2\/product"}],"about":[{"href":"https:\/\/sanpascualitorey.com\/merch\/wp-json\/wp\/v2\/types\/product"}],"wp:featuredmedia":[{"embeddable":true,"href":"https:\/\/sanpascualitorey.com\/merch\/wp-json\/wp\/v2\/media\/5819"}],"wp:attachment":[{"href":"https:\/\/sanpascualitorey.com\/merch\/wp-json\/wp\/v2\/media?parent=5818"}],"wp:term":[{"taxonomy":"product_brand","embeddable":true,"href":"https:\/\/sanpascualitorey.com\/merch\/wp-json\/wp\/v2\/product_brand?post=5818"},{"taxonomy":"product_cat","embeddable":true,"href":"https:\/\/sanpascualitorey.com\/merch\/wp-json\/wp\/v2\/product_cat?post=5818"},{"taxonomy":"product_tag","embeddable":true,"href":"https:\/\/sanpascualitorey.com\/merch\/wp-json\/wp\/v2\/product_tag?post=5818"}],"curies":[{"name":"wp","href":"https:\/\/api.w.org\/{rel}","templated":true}]}}