{"id":4187,"date":"2020-09-18T12:07:26","date_gmt":"2020-09-18T17:07:26","guid":{"rendered":"https:\/\/sanpascualitorey.com\/merch\/?post_type=product&#038;p=4187"},"modified":"2026-03-30T17:29:44","modified_gmt":"2026-03-30T23:29:44","slug":"serigrafia-live-streaming-valiente","status":"publish","type":"product","link":"https:\/\/sanpascualitorey.com\/merch\/producto\/serigrafia-live-streaming-valiente\/","title":{"rendered":"Serigraf\u00eda | Live Streaming VALIENTE"},"content":{"rendered":"<p><strong>Serigraf\u00eda | Live Streaming Valiente<\/strong><\/p>\n<p>Serigraf\u00eda conmemorativa al primer Live Streaming tem\u00e1tico de San Pascualito Rey &#8211; Valiente.\u00a0 Arte especial del artista gr\u00e1fico Harbin Harrison en una re-interpretaci\u00f3n de la portada del disco.\u00a0 Edici\u00f3n limitada numerada y firmada por el propio artista gr\u00e1fico (y con suerte tambi\u00e9n de la misma banda).<\/p>\n<p>Base en cartulina Color Plus color negra.<\/p>\n<p>Medidas 30 x 60 cm.<\/p>\n<p><span style=\"color: #ff0000\"><strong>Nota: Env\u00edos solo a territorio mexicano.\u00a0<\/strong><\/span><span style=\"color: #ff0000\"><strong>\u00a0<\/strong><\/span><\/p>\n","protected":false},"excerpt":{"rendered":"<p><strong>Serigraf\u00eda | Live Streaming Valiente<\/strong><\/p>\n<p>Serigraf\u00eda conmemorativa al primer Live Streaming tem\u00e1tico de San Pascualito Rey &#8211; Valiente.\u00a0 Arte especial del artista gr\u00e1fico Harbin Harrison en una re-interpretaci\u00f3n de la portada del disco.\u00a0 Edici\u00f3n limitada numerada y firmada por el propio artista gr\u00e1fico (y con suerte tambi\u00e9n de la misma banda).<\/p>\n<p>Base en cartulina Color Plus color negra.<\/p>\n<p>Medidas 30 x 60 cm.<\/p>\n<p><span style=\"color: #ff0000\"><strong>Nota: Env\u00edos solo a territorio mexicano.\u00a0<\/strong><\/span><span style=\"color: #ff0000\"><strong> Env\u00edos a partir de la \u00faltima primera semana de Octubre 2020.<\/strong><\/span><\/p>\n","protected":false},"featured_media":7892,"template":"","meta":[],"product_brand":[],"product_cat":[15,113,103],"product_tag":[98,118,102],"class_list":{"0":"post-4187","1":"product","2":"type-product","3":"status-publish","4":"has-post-thumbnail","6":"product_cat-otros","7":"product_cat-serigrafias","8":"product_cat-valiente","9":"product_tag-serigrafias","10":"product_tag-valiente","11":"product_tag-valiente-streaming","12":"product_shipping_class-seri","14":"first","15":"instock","16":"sale","17":"purchasable","18":"product-type-simple"},"exclude_global_add_ons":[],"addons":[],"_links":{"self":[{"href":"https:\/\/sanpascualitorey.com\/merch\/wp-json\/wp\/v2\/product\/4187","targetHints":{"allow":["GET"]}}],"collection":[{"href":"https:\/\/sanpascualitorey.com\/merch\/wp-json\/wp\/v2\/product"}],"about":[{"href":"https:\/\/sanpascualitorey.com\/merch\/wp-json\/wp\/v2\/types\/product"}],"wp:featuredmedia":[{"embeddable":true,"href":"https:\/\/sanpascualitorey.com\/merch\/wp-json\/wp\/v2\/media\/7892"}],"wp:attachment":[{"href":"https:\/\/sanpascualitorey.com\/merch\/wp-json\/wp\/v2\/media?parent=4187"}],"wp:term":[{"taxonomy":"product_brand","embeddable":true,"href":"https:\/\/sanpascualitorey.com\/merch\/wp-json\/wp\/v2\/product_brand?post=4187"},{"taxonomy":"product_cat","embeddable":true,"href":"https:\/\/sanpascualitorey.com\/merch\/wp-json\/wp\/v2\/product_cat?post=4187"},{"taxonomy":"product_tag","embeddable":true,"href":"https:\/\/sanpascualitorey.com\/merch\/wp-json\/wp\/v2\/product_tag?post=4187"}],"curies":[{"name":"wp","href":"https:\/\/api.w.org\/{rel}","templated":true}]}}