{"id":2888,"date":"2020-03-22T23:07:27","date_gmt":"2020-03-23T05:07:27","guid":{"rendered":"https:\/\/sanpascualitorey.com\/merch\/?post_type=product&#038;p=2888"},"modified":"2026-03-13T16:18:24","modified_gmt":"2026-03-13T22:18:24","slug":"playera-guinda-sufro","status":"publish","type":"product","link":"https:\/\/sanpascualitorey.com\/merch\/producto\/playera-guinda-sufro\/","title":{"rendered":"Playera Guinda &#8211; Sufro Sufro Sufro"},"content":{"rendered":"<p>Playera color guinda para caballero conmemorativa al primer LP de <strong>San Pascualito Rey <\/strong>&#8211; <strong>Sufro, Sufro, Sufro<\/strong>.<\/p>\n<p>Disponible en playera peso medio 100% algod\u00f3n peinado pre-encogido. Textura suave y de alta duraci\u00f3n. Estampado s\u00f3lo frente. Etiqueta bordada con logo y ID &#8220;Merch Oficial&#8221; a un costado.<\/p>\n<p><span style=\"color: #ffffff\">..<span style=\"color: #ff0000\"><strong>Nota: Este producto<\/strong><span class=\"apple-converted-space\"><b>\u00a0<\/b><\/span><strong>estar\u00e1 disponible para env\u00edos a partir del 6DE JUNIO DE 2022<\/strong><\/span><\/span><\/p>\n<p><span style=\"color: #ffffff\">.<\/span><\/p>\n<p style=\"text-align: center\"><em>Te voy a guardar,<\/em><br \/>\n<em>en el no se donde,<\/em><br \/>\n<em>Junto al no se cual&#8230;<\/em><br \/>\n<em>Ay! ay!<\/em><\/p>\n<p style=\"text-align: center\">\n","protected":false},"excerpt":{"rendered":"<p>Playera color guinda para caballero conmemorativa al primer LP de <strong>San Pascualito Rey <\/strong>&#8211; <strong>Sufro, Sufro, Sufro<\/strong>.<\/p>\n<p>Disponible en playera peso medio 100% algod\u00f3n peinado pre-encogido. Textura suave y de alta duraci\u00f3n. Estampado s\u00f3lo frente. Etiqueta bordada con logo y ID &#8220;Merch Oficial&#8221; a un costado.<\/p>\n<p><span style=\"color: #ffffff\">..<span style=\"color: #ff0000\"><strong>Nota: Este producto<\/strong><span class=\"apple-converted-space\"><b>\u00a0<\/b><\/span><strong>estar\u00e1 disponible para env\u00edos a partir del 6DE JUNIO DE 2022<\/strong><\/span><\/span><\/p>\n","protected":false},"featured_media":2894,"template":"","meta":[],"product_brand":[],"product_cat":[79],"product_tag":[117],"class_list":{"0":"post-2888","1":"product","2":"type-product","3":"status-publish","4":"has-post-thumbnail","6":"product_cat-playeras","7":"product_tag-sufro-sufro-sufro","8":"product_shipping_class-normal","10":"first","11":"instock","12":"purchasable","13":"product-type-variable","14":"has-default-attributes"},"exclude_global_add_ons":[],"addons":[],"_links":{"self":[{"href":"https:\/\/sanpascualitorey.com\/merch\/wp-json\/wp\/v2\/product\/2888","targetHints":{"allow":["GET"]}}],"collection":[{"href":"https:\/\/sanpascualitorey.com\/merch\/wp-json\/wp\/v2\/product"}],"about":[{"href":"https:\/\/sanpascualitorey.com\/merch\/wp-json\/wp\/v2\/types\/product"}],"wp:featuredmedia":[{"embeddable":true,"href":"https:\/\/sanpascualitorey.com\/merch\/wp-json\/wp\/v2\/media\/2894"}],"wp:attachment":[{"href":"https:\/\/sanpascualitorey.com\/merch\/wp-json\/wp\/v2\/media?parent=2888"}],"wp:term":[{"taxonomy":"product_brand","embeddable":true,"href":"https:\/\/sanpascualitorey.com\/merch\/wp-json\/wp\/v2\/product_brand?post=2888"},{"taxonomy":"product_cat","embeddable":true,"href":"https:\/\/sanpascualitorey.com\/merch\/wp-json\/wp\/v2\/product_cat?post=2888"},{"taxonomy":"product_tag","embeddable":true,"href":"https:\/\/sanpascualitorey.com\/merch\/wp-json\/wp\/v2\/product_tag?post=2888"}],"curies":[{"name":"wp","href":"https:\/\/api.w.org\/{rel}","templated":true}]}}