{"id":2875,"date":"2020-03-22T22:18:38","date_gmt":"2020-03-23T04:18:38","guid":{"rendered":"https:\/\/sanpascualitorey.com\/merch\/?post_type=product&#038;p=2875"},"modified":"2025-12-16T15:23:07","modified_gmt":"2025-12-16T21:23:07","slug":"blusa-negra-sufro","status":"publish","type":"product","link":"https:\/\/sanpascualitorey.com\/merch\/producto\/blusa-negra-sufro\/","title":{"rendered":"Blusa Negra &#8211; Sufro Sufro Sufro"},"content":{"rendered":"<p>Blusa negra para dama conmemorativa al primer LP de <strong>San Pascualito Rey<\/strong> &#8211;<strong> Sufro, Sufro, Sufro<\/strong>.<\/p>\n<p>Disponible en blusa peso ligero 100% algod\u00f3n peinado pre-encogido. Ligeramente entallada. Textura suave y de alta duraci\u00f3n. Estampado s\u00f3lo frente.<em>Te voy a guardar,<\/em><br \/>\n<em>en el no se donde,<\/em><br \/>\n<em>Junto al no se cual&#8230;<\/em><br \/>\n<em>Ay! ay!<\/em><\/p>\n<p>&nbsp;<\/p>\n","protected":false},"excerpt":{"rendered":"<p>Blusa negra para dama conmemorativa al primer LP de <strong>San Pascualito Rey<\/strong> &#8211;<strong> Sufro, Sufro, Sufro<\/strong>.<\/p>\n<p>Disponible en blusa peso ligero 100% algod\u00f3n peinado pre-encogido. Ligeramente entallada. Textura suave y de alta duraci\u00f3n. Estampado s\u00f3lo frente.<\/p>\n<p>&nbsp;<\/p>\n","protected":false},"featured_media":10895,"template":"","meta":[],"product_brand":[],"product_cat":[80,79,133],"product_tag":[117],"class_list":{"0":"post-2875","1":"product","2":"type-product","3":"status-publish","4":"has-post-thumbnail","6":"product_cat-blusas","7":"product_cat-playeras","8":"product_cat-sufro-sufro-sufro-2","9":"product_tag-sufro-sufro-sufro","10":"product_shipping_class-normal","12":"first","13":"instock","14":"purchasable","15":"product-type-variable","16":"has-default-attributes"},"exclude_global_add_ons":[],"addons":[],"_links":{"self":[{"href":"https:\/\/sanpascualitorey.com\/merch\/wp-json\/wp\/v2\/product\/2875","targetHints":{"allow":["GET"]}}],"collection":[{"href":"https:\/\/sanpascualitorey.com\/merch\/wp-json\/wp\/v2\/product"}],"about":[{"href":"https:\/\/sanpascualitorey.com\/merch\/wp-json\/wp\/v2\/types\/product"}],"wp:featuredmedia":[{"embeddable":true,"href":"https:\/\/sanpascualitorey.com\/merch\/wp-json\/wp\/v2\/media\/10895"}],"wp:attachment":[{"href":"https:\/\/sanpascualitorey.com\/merch\/wp-json\/wp\/v2\/media?parent=2875"}],"wp:term":[{"taxonomy":"product_brand","embeddable":true,"href":"https:\/\/sanpascualitorey.com\/merch\/wp-json\/wp\/v2\/product_brand?post=2875"},{"taxonomy":"product_cat","embeddable":true,"href":"https:\/\/sanpascualitorey.com\/merch\/wp-json\/wp\/v2\/product_cat?post=2875"},{"taxonomy":"product_tag","embeddable":true,"href":"https:\/\/sanpascualitorey.com\/merch\/wp-json\/wp\/v2\/product_tag?post=2875"}],"curies":[{"name":"wp","href":"https:\/\/api.w.org\/{rel}","templated":true}]}}