{"id":2856,"date":"2020-03-22T19:45:49","date_gmt":"2020-03-23T01:45:49","guid":{"rendered":"https:\/\/sanpascualitorey.com\/merch\/?post_type=product&#038;p=2856"},"modified":"2026-04-21T20:51:41","modified_gmt":"2026-04-22T02:51:41","slug":"playera-negra-sufro","status":"publish","type":"product","link":"https:\/\/sanpascualitorey.com\/merch\/producto\/playera-negra-sufro\/","title":{"rendered":"Playera Negra  &#8211; Sufro Sufro Sufro"},"content":{"rendered":"<p>Playera negra para caballero conmemorativa al primer LP de <strong>San Pascualito Rey <\/strong>&#8211; <strong>Sufro, Sufro, Sufro<\/strong>.<\/p>\n<p>Disponible en playera peso medio 100% algod\u00f3n peinado pre-encogido. Textura suave y de alta duraci\u00f3n. Estampado s\u00f3lo frente.<\/p>\n<p>&nbsp;<\/p>\n<p style=\"text-align: center\"><em>Te voy a guardar,<\/em><br \/>\n<em>en el no se donde,<\/em><br \/>\n<em>Junto al no se cual&#8230;<\/em><br \/>\n<em>Ay! ay!<\/em><\/p>\n<p>&nbsp;<\/p>\n","protected":false},"excerpt":{"rendered":"<p>Playera negra para caballero conmemorativa al primer LP de <strong>San Pascualito Rey <\/strong>&#8211; <strong>Sufro, Sufro, Sufro<\/strong>.<\/p>\n<p>Disponible en playera peso medio 100% algod\u00f3n peinado pre-encogido. Textura suave y de alta duraci\u00f3n. Estampado s\u00f3lo frente.<\/p>\n<p>&nbsp;<\/p>\n<p><span style=\"color: #ffffff\">.<\/span><\/p>\n","protected":false},"featured_media":7890,"template":"","meta":[],"product_brand":[],"product_cat":[79],"product_tag":[117],"class_list":{"0":"post-2856","1":"product","2":"type-product","3":"status-publish","4":"has-post-thumbnail","6":"product_cat-playeras","7":"product_tag-sufro-sufro-sufro","8":"product_shipping_class-normal","10":"first","11":"instock","12":"purchasable","13":"product-type-variable","14":"has-default-attributes"},"exclude_global_add_ons":[],"addons":[],"_links":{"self":[{"href":"https:\/\/sanpascualitorey.com\/merch\/wp-json\/wp\/v2\/product\/2856","targetHints":{"allow":["GET"]}}],"collection":[{"href":"https:\/\/sanpascualitorey.com\/merch\/wp-json\/wp\/v2\/product"}],"about":[{"href":"https:\/\/sanpascualitorey.com\/merch\/wp-json\/wp\/v2\/types\/product"}],"wp:featuredmedia":[{"embeddable":true,"href":"https:\/\/sanpascualitorey.com\/merch\/wp-json\/wp\/v2\/media\/7890"}],"wp:attachment":[{"href":"https:\/\/sanpascualitorey.com\/merch\/wp-json\/wp\/v2\/media?parent=2856"}],"wp:term":[{"taxonomy":"product_brand","embeddable":true,"href":"https:\/\/sanpascualitorey.com\/merch\/wp-json\/wp\/v2\/product_brand?post=2856"},{"taxonomy":"product_cat","embeddable":true,"href":"https:\/\/sanpascualitorey.com\/merch\/wp-json\/wp\/v2\/product_cat?post=2856"},{"taxonomy":"product_tag","embeddable":true,"href":"https:\/\/sanpascualitorey.com\/merch\/wp-json\/wp\/v2\/product_tag?post=2856"}],"curies":[{"name":"wp","href":"https:\/\/api.w.org\/{rel}","templated":true}]}}