{"id":11331,"date":"2025-10-26T21:08:43","date_gmt":"2025-10-27T03:08:43","guid":{"rendered":"https:\/\/sanpascualitorey.com\/merch\/?post_type=product&#038;p=11331"},"modified":"2025-12-15T18:56:09","modified_gmt":"2025-12-16T00:56:09","slug":"playera-guinda-sufro-live-streaming","status":"publish","type":"product","link":"https:\/\/sanpascualitorey.com\/merch\/producto\/playera-guinda-sufro-live-streaming\/","title":{"rendered":"Playera Guinda Unisex &#8211; Sufro Live Streaming"},"content":{"rendered":"<p>Playera color guinda algod\u00f3n peinado (suave). Estampado en serigraf\u00eda frente a 5 tintas.<br \/>\nEdici\u00f3n especial del Live Streaming Sufro Sufro Sufro 2020.<\/p>\n<p><span style=\"color: #ff0000\"><strong>A excepci\u00f3n de la talla XL, el resto de tallas estar\u00e1n disponibles para env\u00edo a partir del 1 de diciembre.<\/strong><\/span><\/p>\n<p>&nbsp;<\/p>\n","protected":false},"excerpt":{"rendered":"<p>Playera color guinda algod\u00f3n peinado (suave). Estampado en serigraf\u00eda frente a 5 tintas.<br \/>\nEdici\u00f3n especial del Live Streaming Sufro Sufro Sufro 2020.<\/p>\n<p><span style=\"color: #ff0000\"><strong>A excepci\u00f3n de la talla XL, el resto de tallas estar\u00e1n disponibles para env\u00edo a partir del 1 de diciembre.<\/strong><\/span><\/p>\n<p>&nbsp;<\/p>\n<p style=\"text-align: center\">\n","protected":false},"featured_media":11336,"template":"","meta":[],"product_brand":[],"product_cat":[139,79,133],"product_tag":[99,117],"class_list":{"0":"post-11331","1":"product","2":"type-product","3":"status-publish","4":"has-post-thumbnail","6":"product_cat-collabs","7":"product_cat-playeras","8":"product_cat-sufro-sufro-sufro-2","9":"product_tag-playeras","10":"product_tag-sufro-sufro-sufro","11":"product_shipping_class-normal","13":"first","14":"instock","15":"purchasable","16":"product-type-variable","17":"has-default-attributes"},"exclude_global_add_ons":[],"addons":[],"_links":{"self":[{"href":"https:\/\/sanpascualitorey.com\/merch\/wp-json\/wp\/v2\/product\/11331","targetHints":{"allow":["GET"]}}],"collection":[{"href":"https:\/\/sanpascualitorey.com\/merch\/wp-json\/wp\/v2\/product"}],"about":[{"href":"https:\/\/sanpascualitorey.com\/merch\/wp-json\/wp\/v2\/types\/product"}],"wp:featuredmedia":[{"embeddable":true,"href":"https:\/\/sanpascualitorey.com\/merch\/wp-json\/wp\/v2\/media\/11336"}],"wp:attachment":[{"href":"https:\/\/sanpascualitorey.com\/merch\/wp-json\/wp\/v2\/media?parent=11331"}],"wp:term":[{"taxonomy":"product_brand","embeddable":true,"href":"https:\/\/sanpascualitorey.com\/merch\/wp-json\/wp\/v2\/product_brand?post=11331"},{"taxonomy":"product_cat","embeddable":true,"href":"https:\/\/sanpascualitorey.com\/merch\/wp-json\/wp\/v2\/product_cat?post=11331"},{"taxonomy":"product_tag","embeddable":true,"href":"https:\/\/sanpascualitorey.com\/merch\/wp-json\/wp\/v2\/product_tag?post=11331"}],"curies":[{"name":"wp","href":"https:\/\/api.w.org\/{rel}","templated":true}]}}