{"id":11289,"date":"2025-07-17T08:28:17","date_gmt":"2025-07-17T14:28:17","guid":{"rendered":"https:\/\/sanpascualitorey.com\/merch\/?post_type=product&#038;p=11289"},"modified":"2026-03-12T11:58:17","modified_gmt":"2026-03-12T17:58:17","slug":"serigrafia-xxv-anos","status":"publish","type":"product","link":"https:\/\/sanpascualitorey.com\/merch\/producto\/serigrafia-xxv-anos\/","title":{"rendered":"Serigraf\u00eda |  XXV A\u00f1os"},"content":{"rendered":"<p>Serigraf\u00eda conmemorativa a los XXV a\u00f1os de SPR en el marco de su gira de despedida &#8220;XXV a\u00f1os Bailando en la Oscuridad&#8221;<\/p>\n<p>Arte especial del artista gr\u00e1fico e ilustrador: ELIAS PIMENTEL (Pachuca)<\/p>\n<p>Impreso por: TALLER EL DIABLO (Pachuca)<\/p>\n<p style=\"font-weight: 400\"><em>P\u00f3ster impreso en serigrafia en 2 tintas. Tinta dorada (acabado semimet\u00e1lico) + tinta vinil blanca mate en Papel inspira color negro en 150 gramos acabado mate, con medida de 35x50cm.<\/em><\/p>\n","protected":false},"excerpt":{"rendered":"<p>Serigraf\u00eda conmemorativa a los XXV a\u00f1os de SPR en el marco de su gira de despedida &#8220;XXV a\u00f1os Bailando en la Oscuridad&#8221;<\/p>\n<p>Arte especial del artista gr\u00e1fico e ilustrador: ELIAS PIMENTEL (Pachuca)<\/p>\n<p>Impreso por: TALLER EL DIABLO (Pachuca)<\/p>\n<p style=\"font-weight: 400\"><em>P\u00f3ster impreso en serigrafia en 2 tintas. Tinta dorada (acabado semimet\u00e1lico) + tinta vinil blanca mate en Papel inspira color negro en 150 gramos acabado mate, con medida de 35x50cm.<\/em><\/p>\n","protected":false},"featured_media":11291,"template":"","meta":[],"product_brand":[],"product_cat":[139,15,113],"product_tag":[119,98],"class_list":{"0":"post-11289","1":"product","2":"type-product","3":"status-publish","4":"has-post-thumbnail","6":"product_cat-collabs","7":"product_cat-otros","8":"product_cat-serigrafias","9":"product_tag-animanecia","10":"product_tag-serigrafias","11":"product_shipping_class-seri","13":"first","14":"instock","15":"purchasable","16":"product-type-simple"},"exclude_global_add_ons":[],"addons":[],"_links":{"self":[{"href":"https:\/\/sanpascualitorey.com\/merch\/wp-json\/wp\/v2\/product\/11289","targetHints":{"allow":["GET"]}}],"collection":[{"href":"https:\/\/sanpascualitorey.com\/merch\/wp-json\/wp\/v2\/product"}],"about":[{"href":"https:\/\/sanpascualitorey.com\/merch\/wp-json\/wp\/v2\/types\/product"}],"wp:featuredmedia":[{"embeddable":true,"href":"https:\/\/sanpascualitorey.com\/merch\/wp-json\/wp\/v2\/media\/11291"}],"wp:attachment":[{"href":"https:\/\/sanpascualitorey.com\/merch\/wp-json\/wp\/v2\/media?parent=11289"}],"wp:term":[{"taxonomy":"product_brand","embeddable":true,"href":"https:\/\/sanpascualitorey.com\/merch\/wp-json\/wp\/v2\/product_brand?post=11289"},{"taxonomy":"product_cat","embeddable":true,"href":"https:\/\/sanpascualitorey.com\/merch\/wp-json\/wp\/v2\/product_cat?post=11289"},{"taxonomy":"product_tag","embeddable":true,"href":"https:\/\/sanpascualitorey.com\/merch\/wp-json\/wp\/v2\/product_tag?post=11289"}],"curies":[{"name":"wp","href":"https:\/\/api.w.org\/{rel}","templated":true}]}}