{"id":11264,"date":"2025-06-11T12:06:01","date_gmt":"2025-06-11T18:06:01","guid":{"rendered":"https:\/\/sanpascualitorey.com\/merch\/?post_type=product&#038;p=11264"},"modified":"2025-12-15T18:57:07","modified_gmt":"2025-12-16T00:57:07","slug":"blusa-negra-calavera-xxv-aniversario","status":"publish","type":"product","link":"https:\/\/sanpascualitorey.com\/merch\/producto\/blusa-negra-calavera-xxv-aniversario\/","title":{"rendered":"Blusa Negra \u2013 Calavera XXV Aniversario"},"content":{"rendered":"<p>Blusa negra algod\u00f3n peinado (suave). Estampado en serigraf\u00eda frente y vuelta en serigraf\u00eda:<br \/>\nFrente: Logo Calavera conmemorativo a los XXV a\u00f1os de SPR 2025<br \/>\nVuelta: Logotipo San Pascualito Rey, \u00e1rea de la nuca, en blanco.<\/p>\n<p><span style=\"color: #ff0000\"><strong>La talla M estar\u00e1 disponible para env\u00edo a partir del 1 de diciembre.<\/strong><\/span><\/p>\n<p>&nbsp;<\/p>\n","protected":false},"excerpt":{"rendered":"<p>B\u00f1usa negra algod\u00f3n peinado (suave). Estampado en serigraf\u00eda frente y vuelta en serigraf\u00eda:<br \/>\nFrente: Logo Calavera conmemorativo a los XXV a\u00f1os de SPR 2025<br \/>\nVuelta: Logotipo San Pascualito Rey, \u00e1rea de la nuca, en blanco.<\/p>\n<p><span style=\"color: #ff0000\"><strong>La talla M estar\u00e1 disponible para env\u00edo a partir del 1 de diciembre.<\/strong><\/span><\/p>\n<p>&nbsp;<\/p>\n","protected":false},"featured_media":11263,"template":"","meta":[],"product_brand":[],"product_cat":[80,139,133],"product_tag":[119,100,99,117],"class_list":{"0":"post-11264","1":"product","2":"type-product","3":"status-publish","4":"has-post-thumbnail","6":"product_cat-blusas","7":"product_cat-collabs","8":"product_cat-sufro-sufro-sufro-2","9":"product_tag-animanecia","10":"product_tag-blusas","11":"product_tag-playeras","12":"product_tag-sufro-sufro-sufro","13":"product_shipping_class-normal","15":"first","16":"instock","17":"purchasable","18":"product-type-variable"},"exclude_global_add_ons":[],"addons":[],"_links":{"self":[{"href":"https:\/\/sanpascualitorey.com\/merch\/wp-json\/wp\/v2\/product\/11264","targetHints":{"allow":["GET"]}}],"collection":[{"href":"https:\/\/sanpascualitorey.com\/merch\/wp-json\/wp\/v2\/product"}],"about":[{"href":"https:\/\/sanpascualitorey.com\/merch\/wp-json\/wp\/v2\/types\/product"}],"wp:featuredmedia":[{"embeddable":true,"href":"https:\/\/sanpascualitorey.com\/merch\/wp-json\/wp\/v2\/media\/11263"}],"wp:attachment":[{"href":"https:\/\/sanpascualitorey.com\/merch\/wp-json\/wp\/v2\/media?parent=11264"}],"wp:term":[{"taxonomy":"product_brand","embeddable":true,"href":"https:\/\/sanpascualitorey.com\/merch\/wp-json\/wp\/v2\/product_brand?post=11264"},{"taxonomy":"product_cat","embeddable":true,"href":"https:\/\/sanpascualitorey.com\/merch\/wp-json\/wp\/v2\/product_cat?post=11264"},{"taxonomy":"product_tag","embeddable":true,"href":"https:\/\/sanpascualitorey.com\/merch\/wp-json\/wp\/v2\/product_tag?post=11264"}],"curies":[{"name":"wp","href":"https:\/\/api.w.org\/{rel}","templated":true}]}}