{"id":11257,"date":"2025-06-11T11:55:43","date_gmt":"2025-06-11T17:55:43","guid":{"rendered":"https:\/\/sanpascualitorey.com\/merch\/?post_type=product&#038;p=11257"},"modified":"2025-12-15T18:57:49","modified_gmt":"2025-12-16T00:57:49","slug":"playera-negra-calavera-xxv-aniversario","status":"publish","type":"product","link":"https:\/\/sanpascualitorey.com\/merch\/producto\/playera-negra-calavera-xxv-aniversario\/","title":{"rendered":"Playera Negra &#8211; Calavera XXV Aniversario"},"content":{"rendered":"<p>Playera negra algod\u00f3n peinado (suave). Estampado en serigraf\u00eda frente y vuelta en serigraf\u00eda:<br \/>\nFrente: Logo Calavera conmemorativo a los XXV a\u00f1os de SPR 2025<br \/>\nVuelta: Logotipo San Pascualito Rey, \u00e1rea de la nuca, en blanco.<\/p>\n<p>&nbsp;<\/p>\n<p>&nbsp;<\/p>\n","protected":false},"excerpt":{"rendered":"<p>Playera negra algod\u00f3n peinado (suave). Estampado en serigraf\u00eda frente y vuelta en serigraf\u00eda:<br \/>\nFrente: Logo Calavera conmemorativo a los XXV a\u00f1os de SPR 2025<br \/>\nVuelta: Logotipo San Pascualito Rey, \u00e1rea de la nuca, en blanco.<\/p>\n<p>&nbsp;<\/p>\n<p>&nbsp;<\/p>\n<p style=\"text-align: center\">\n","protected":false},"featured_media":11262,"template":"","meta":[],"product_brand":[],"product_cat":[139,79,133],"product_tag":[99,117],"class_list":{"0":"post-11257","1":"product","2":"type-product","3":"status-publish","4":"has-post-thumbnail","6":"product_cat-collabs","7":"product_cat-playeras","8":"product_cat-sufro-sufro-sufro-2","9":"product_tag-playeras","10":"product_tag-sufro-sufro-sufro","11":"product_shipping_class-normal","13":"first","14":"instock","15":"purchasable","16":"product-type-variable","17":"has-default-attributes"},"exclude_global_add_ons":[],"addons":[],"_links":{"self":[{"href":"https:\/\/sanpascualitorey.com\/merch\/wp-json\/wp\/v2\/product\/11257","targetHints":{"allow":["GET"]}}],"collection":[{"href":"https:\/\/sanpascualitorey.com\/merch\/wp-json\/wp\/v2\/product"}],"about":[{"href":"https:\/\/sanpascualitorey.com\/merch\/wp-json\/wp\/v2\/types\/product"}],"wp:featuredmedia":[{"embeddable":true,"href":"https:\/\/sanpascualitorey.com\/merch\/wp-json\/wp\/v2\/media\/11262"}],"wp:attachment":[{"href":"https:\/\/sanpascualitorey.com\/merch\/wp-json\/wp\/v2\/media?parent=11257"}],"wp:term":[{"taxonomy":"product_brand","embeddable":true,"href":"https:\/\/sanpascualitorey.com\/merch\/wp-json\/wp\/v2\/product_brand?post=11257"},{"taxonomy":"product_cat","embeddable":true,"href":"https:\/\/sanpascualitorey.com\/merch\/wp-json\/wp\/v2\/product_cat?post=11257"},{"taxonomy":"product_tag","embeddable":true,"href":"https:\/\/sanpascualitorey.com\/merch\/wp-json\/wp\/v2\/product_tag?post=11257"}],"curies":[{"name":"wp","href":"https:\/\/api.w.org\/{rel}","templated":true}]}}