{"id":11099,"date":"2024-12-11T11:18:07","date_gmt":"2024-12-11T17:18:07","guid":{"rendered":"https:\/\/sanpascualitorey.com\/merch\/?post_type=product&#038;p=11099"},"modified":"2025-12-15T18:58:28","modified_gmt":"2025-12-16T00:58:28","slug":"pin-sufro-sufro-sufro","status":"publish","type":"product","link":"https:\/\/sanpascualitorey.com\/merch\/producto\/pin-sufro-sufro-sufro\/","title":{"rendered":"PIN &#8211; SUFRO SUFRO SUFRO"},"content":{"rendered":"<p>Pin met\u00e1lico esmaltado a color SUFRO SUFRO SUFRO con doble seguro en la parte posterior, en cart\u00f3n con celof\u00e1n.<\/p>\n<p>Medida: 4&#215;4 cm<\/p>\n","protected":false},"excerpt":{"rendered":"<p>Pin met\u00e1lico esmaltado a color SUFRO SUFRO SUFRO con doble seguro en la parte posterior, en cart\u00f3n con celof\u00e1n.<\/p>\n<p>Medida: 4&#215;4 cm<\/p>\n<p>&nbsp;<\/p>\n","protected":false},"featured_media":11103,"template":"","meta":[],"product_brand":[],"product_cat":[15,133],"product_tag":[142,144,143],"class_list":{"0":"post-11099","1":"product","2":"type-product","3":"status-publish","4":"has-post-thumbnail","6":"product_cat-otros","7":"product_cat-sufro-sufro-sufro-2","8":"product_tag-pin","9":"product_tag-pin-sufro","10":"product_tag-pin-sufro-sufro-sufro","11":"product_shipping_class-normal","13":"first","14":"instock","15":"purchasable","16":"product-type-simple"},"exclude_global_add_ons":[],"addons":[],"_links":{"self":[{"href":"https:\/\/sanpascualitorey.com\/merch\/wp-json\/wp\/v2\/product\/11099","targetHints":{"allow":["GET"]}}],"collection":[{"href":"https:\/\/sanpascualitorey.com\/merch\/wp-json\/wp\/v2\/product"}],"about":[{"href":"https:\/\/sanpascualitorey.com\/merch\/wp-json\/wp\/v2\/types\/product"}],"wp:featuredmedia":[{"embeddable":true,"href":"https:\/\/sanpascualitorey.com\/merch\/wp-json\/wp\/v2\/media\/11103"}],"wp:attachment":[{"href":"https:\/\/sanpascualitorey.com\/merch\/wp-json\/wp\/v2\/media?parent=11099"}],"wp:term":[{"taxonomy":"product_brand","embeddable":true,"href":"https:\/\/sanpascualitorey.com\/merch\/wp-json\/wp\/v2\/product_brand?post=11099"},{"taxonomy":"product_cat","embeddable":true,"href":"https:\/\/sanpascualitorey.com\/merch\/wp-json\/wp\/v2\/product_cat?post=11099"},{"taxonomy":"product_tag","embeddable":true,"href":"https:\/\/sanpascualitorey.com\/merch\/wp-json\/wp\/v2\/product_tag?post=11099"}],"curies":[{"name":"wp","href":"https:\/\/api.w.org\/{rel}","templated":true}]}}