{"id":11035,"date":"2024-09-30T12:49:25","date_gmt":"2024-09-30T18:49:25","guid":{"rendered":"https:\/\/sanpascualitorey.com\/merch\/?post_type=product&#038;p=11035"},"modified":"2026-04-16T11:36:23","modified_gmt":"2026-04-16T17:36:23","slug":"playera-sufro-sufro-sufro-kids","status":"publish","type":"product","link":"https:\/\/sanpascualitorey.com\/merch\/producto\/playera-sufro-sufro-sufro-kids\/","title":{"rendered":"Playera Sufro Sufro Sufro &#8211; KIDS"},"content":{"rendered":"<p>Playera NEGRA algod\u00f3n peinado (suave). Estampado en serigraf\u00eda, s\u00f3lo frente.<\/p>\n<p>Tallas para ni\u00f1os &#8211; Checar tabla<\/p>\n<p><span style=\"color: #ff0000\"><em>No tenemos en existencia la camiseta color vino<\/em><\/span><\/p>\n","protected":false},"excerpt":{"rendered":"<p>Playera NEGRA algod\u00f3n peinado (suave). Estampado en serigraf\u00eda, s\u00f3lo frente.<\/p>\n<p>Tallas para ni\u00f1os &#8211; Checar tabla<\/p>\n<p><span style=\"color: #ff0000\"><em>No tenemos en existencia la camiseta color vino<\/em><\/span><\/p>\n","protected":false},"featured_media":2872,"template":"","meta":[],"product_brand":[],"product_cat":[79,133,116],"product_tag":[99,117],"class_list":{"0":"post-11035","1":"product","2":"type-product","3":"status-publish","4":"has-post-thumbnail","6":"product_cat-playeras","7":"product_cat-sufro-sufro-sufro-2","8":"product_cat-sufro-sufro-sufro","9":"product_tag-playeras","10":"product_tag-sufro-sufro-sufro","11":"product_shipping_class-normal","13":"first","14":"instock","15":"purchasable","16":"product-type-variable","17":"has-default-attributes"},"exclude_global_add_ons":[],"addons":[],"_links":{"self":[{"href":"https:\/\/sanpascualitorey.com\/merch\/wp-json\/wp\/v2\/product\/11035","targetHints":{"allow":["GET"]}}],"collection":[{"href":"https:\/\/sanpascualitorey.com\/merch\/wp-json\/wp\/v2\/product"}],"about":[{"href":"https:\/\/sanpascualitorey.com\/merch\/wp-json\/wp\/v2\/types\/product"}],"wp:featuredmedia":[{"embeddable":true,"href":"https:\/\/sanpascualitorey.com\/merch\/wp-json\/wp\/v2\/media\/2872"}],"wp:attachment":[{"href":"https:\/\/sanpascualitorey.com\/merch\/wp-json\/wp\/v2\/media?parent=11035"}],"wp:term":[{"taxonomy":"product_brand","embeddable":true,"href":"https:\/\/sanpascualitorey.com\/merch\/wp-json\/wp\/v2\/product_brand?post=11035"},{"taxonomy":"product_cat","embeddable":true,"href":"https:\/\/sanpascualitorey.com\/merch\/wp-json\/wp\/v2\/product_cat?post=11035"},{"taxonomy":"product_tag","embeddable":true,"href":"https:\/\/sanpascualitorey.com\/merch\/wp-json\/wp\/v2\/product_tag?post=11035"}],"curies":[{"name":"wp","href":"https:\/\/api.w.org\/{rel}","templated":true}]}}