{"id":10949,"date":"2024-03-19T13:53:38","date_gmt":"2024-03-19T19:53:38","guid":{"rendered":"https:\/\/sanpascualitorey.com\/merch\/?post_type=product&#038;p=10949"},"modified":"2026-04-16T11:37:41","modified_gmt":"2026-04-16T17:37:41","slug":"serigrafia-kraken","status":"publish","type":"product","link":"https:\/\/sanpascualitorey.com\/merch\/producto\/serigrafia-kraken\/","title":{"rendered":"Serigraf\u00eda |  KRAKEN"},"content":{"rendered":"<p>Serigraf\u00eda conmemorativa a la octava presentaci\u00f3n de SPR en el Festival Vive Latino 2024<\/p>\n<p>Arte especial del artista gr\u00e1fico e ilustrador: KRAKEN<\/p>\n<p>Medidas 40 x 60 cm.<\/p>\n<p><strong style=\"color: #ff0000\">EDICI\u00d3N LIMITADA<\/strong><\/p>\n","protected":false},"excerpt":{"rendered":"<p>Serigraf\u00eda conmemorativa a la octava presentaci\u00f3n de SPR en el Festival Vive Latino 2024<\/p>\n<p>Arte especial del artista gr\u00e1fico e ilustrador: KRAKEN<\/p>\n<p>Medidas 40 x 60 cm.<\/p>\n<p><strong style=\"color: #ff0000\">EDICI\u00d3N LIMITADA<\/strong><\/p>\n<p><span style=\"color: #ff0000\"><strong>Nota: Env\u00edos solo a territorio mexicano.<\/strong><\/span><\/p>\n<p><span style=\"color: #ff0000\"><strong>Nota: Este producto <\/strong><\/span><span style=\"color: #ff0000\"><strong>estar\u00e1 disponible para env\u00edo a partir del 9 de Abril.<\/strong><\/span><\/p>\n<p><strong style=\"color: #ff0000\">Este producto se env\u00eda por separado.<\/strong><\/p>\n","protected":false},"featured_media":10941,"template":"","meta":[],"product_brand":[],"product_cat":[128,121,15,113],"product_tag":[119,98],"class_list":{"0":"post-10949","1":"product","2":"type-product","3":"status-publish","4":"has-post-thumbnail","6":"product_cat-animanecia","7":"product_cat-live-streamings","8":"product_cat-otros","9":"product_cat-serigrafias","10":"product_tag-animanecia","11":"product_tag-serigrafias","12":"product_shipping_class-seri","14":"first","15":"instock","16":"purchasable","17":"product-type-simple"},"exclude_global_add_ons":[],"addons":[],"_links":{"self":[{"href":"https:\/\/sanpascualitorey.com\/merch\/wp-json\/wp\/v2\/product\/10949","targetHints":{"allow":["GET"]}}],"collection":[{"href":"https:\/\/sanpascualitorey.com\/merch\/wp-json\/wp\/v2\/product"}],"about":[{"href":"https:\/\/sanpascualitorey.com\/merch\/wp-json\/wp\/v2\/types\/product"}],"wp:featuredmedia":[{"embeddable":true,"href":"https:\/\/sanpascualitorey.com\/merch\/wp-json\/wp\/v2\/media\/10941"}],"wp:attachment":[{"href":"https:\/\/sanpascualitorey.com\/merch\/wp-json\/wp\/v2\/media?parent=10949"}],"wp:term":[{"taxonomy":"product_brand","embeddable":true,"href":"https:\/\/sanpascualitorey.com\/merch\/wp-json\/wp\/v2\/product_brand?post=10949"},{"taxonomy":"product_cat","embeddable":true,"href":"https:\/\/sanpascualitorey.com\/merch\/wp-json\/wp\/v2\/product_cat?post=10949"},{"taxonomy":"product_tag","embeddable":true,"href":"https:\/\/sanpascualitorey.com\/merch\/wp-json\/wp\/v2\/product_tag?post=10949"}],"curies":[{"name":"wp","href":"https:\/\/api.w.org\/{rel}","templated":true}]}}