{"id":10944,"date":"2024-03-19T13:50:51","date_gmt":"2024-03-19T19:50:51","guid":{"rendered":"https:\/\/sanpascualitorey.com\/merch\/?post_type=product&#038;p=10944"},"modified":"2025-12-15T19:13:34","modified_gmt":"2025-12-16T01:13:34","slug":"blusa-negra-kraken","status":"publish","type":"product","link":"https:\/\/sanpascualitorey.com\/merch\/producto\/blusa-negra-kraken\/","title":{"rendered":"Blusa Negra \u2013 KRAKEN"},"content":{"rendered":"<p>Blusa negra algod\u00f3n peinado (suave). Estampado en serigraf\u00eda, s\u00f3lo frente.<\/p>\n<p>Colaboraci\u00f3n: Ilustraci\u00f3n por el artista gr\u00e1fico KRAKEN.<\/p>\n","protected":false},"excerpt":{"rendered":"<div>\n<p>Blusa negra algod\u00f3n peinado (suave). Estampado en serigraf\u00eda, s\u00f3lo frente.<\/p>\n<p>Colaboraci\u00f3n: Ilustraci\u00f3n por el artista gr\u00e1fico KRAKEN.<\/p>\n<\/div>\n","protected":false},"featured_media":10948,"template":"","meta":[],"product_brand":[],"product_cat":[80,139,133],"product_tag":[119,100,99,117],"class_list":{"0":"post-10944","1":"product","2":"type-product","3":"status-publish","4":"has-post-thumbnail","6":"product_cat-blusas","7":"product_cat-collabs","8":"product_cat-sufro-sufro-sufro-2","9":"product_tag-animanecia","10":"product_tag-blusas","11":"product_tag-playeras","12":"product_tag-sufro-sufro-sufro","13":"product_shipping_class-normal","15":"first","16":"instock","17":"purchasable","18":"product-type-variable"},"exclude_global_add_ons":[],"addons":[],"_links":{"self":[{"href":"https:\/\/sanpascualitorey.com\/merch\/wp-json\/wp\/v2\/product\/10944","targetHints":{"allow":["GET"]}}],"collection":[{"href":"https:\/\/sanpascualitorey.com\/merch\/wp-json\/wp\/v2\/product"}],"about":[{"href":"https:\/\/sanpascualitorey.com\/merch\/wp-json\/wp\/v2\/types\/product"}],"wp:featuredmedia":[{"embeddable":true,"href":"https:\/\/sanpascualitorey.com\/merch\/wp-json\/wp\/v2\/media\/10948"}],"wp:attachment":[{"href":"https:\/\/sanpascualitorey.com\/merch\/wp-json\/wp\/v2\/media?parent=10944"}],"wp:term":[{"taxonomy":"product_brand","embeddable":true,"href":"https:\/\/sanpascualitorey.com\/merch\/wp-json\/wp\/v2\/product_brand?post=10944"},{"taxonomy":"product_cat","embeddable":true,"href":"https:\/\/sanpascualitorey.com\/merch\/wp-json\/wp\/v2\/product_cat?post=10944"},{"taxonomy":"product_tag","embeddable":true,"href":"https:\/\/sanpascualitorey.com\/merch\/wp-json\/wp\/v2\/product_tag?post=10944"}],"curies":[{"name":"wp","href":"https:\/\/api.w.org\/{rel}","templated":true}]}}