{"id":2067,"date":"2020-02-21T14:15:55","date_gmt":"2020-02-21T20:15:55","guid":{"rendered":"https:\/\/sanpascualitorey.com\/merch\/?page_id=2067"},"modified":"2024-07-23T21:18:20","modified_gmt":"2024-07-24T03:18:20","slug":"como-comprar","status":"publish","type":"page","link":"https:\/\/sanpascualitorey.com\/merch\/como-comprar\/","title":{"rendered":"\u00bfComo comprar?"},"content":{"rendered":"[vc_row][vc_column][vc_column_text]\n<ol>\n<li><strong>Navega por nuestra tienda<\/strong><br \/>\nPuedes ver todos los art\u00edculos que te gusten.<br \/>\nO, si lo prefieres, utiliza la b\u00fasqueda que se encuentra en la esquina superior derecha del sitio.<\/li>\n<li><strong>\u00a1Agr\u00e9galo al carrito!<\/strong><br \/>\nHaz clic en la imagen del art\u00edculo para ver todas sus caracter\u00edsticas respecto a los materiales y los cuidados, la referencia, el precio, los colores y las tallas disponibles.<br \/>\nElige el articulo que quieras (no olvides seleccionar la talla y\/o color) y agr\u00e9galo al carrito de compras.<\/li>\n<li><strong>\u00a1Checkout!<\/strong><br \/>\n\u00bfYa tienes todo lo que necesitas en el carrito?<br \/>\nHaz click en tu carrito, y da click en\u00a0en FINALIZAR COMPRA.<\/li>\n<li><strong>\u00a1Ingresa tus datos!<\/strong><br \/>\nHas llegado a la p\u00e1gina del proceso de pago, donde tendr\u00e1s que indicarnos:<br \/>\nDirecci\u00f3n de env\u00edo y\/o facturaci\u00f3n.<br \/>\nSeleccionar el m\u00e9todo de envi\u00f3.<br \/>\nVerificar la informaci\u00f3n de tu pedido (modelo, tallas, color)<br \/>\nSeleccionar tu m\u00e9todo de pago.<\/li>\n<li><strong>\u00a1Listo!<\/strong><br \/>\nSolo haz clic en el bot\u00f3n Realizar pedido para completar la orden.<\/li>\n<\/ol>\n[\/vc_column_text][\/vc_column][\/vc_row][vc_row][vc_column][vc_column_text]\n<h1>Preguntas Frecuentes<\/h1>\n[\/vc_column_text][vc_column_text el_id=&#8221;pagos&#8221;]\n<h2>Pagos<\/h2>\n<p><strong>\u00bfQue formas de pago puedo ocupar para realizar una compra?<\/strong><br \/>\nPuedes pagar con: Visa, Mastercard, American Express y en efectivo en los establecimientos OXXO.<\/p>\n<p><strong>\u00bfPor qu\u00e9 rechazaron mi tarjeta?<\/strong><br \/>\nTu tarjeta puede ser rechazada por alguno de los siguientes motivos:<\/p>\n<ul>\n<li>La tarjeta puede estar caducada. Comprueba su fecha de validez para descartar esta posible causa.<\/li>\n<li>Puede que se haya alcanzado el l\u00edmite de la tarjeta. Consulta con tu banco que la tarjeta no haya excedido del importe permitido para efectuar compras.<\/li>\n<li>Aseg\u00farate de haber introducido correctamente todos los datos de la tarjeta.<\/li>\n<\/ul>\n<p>Si despu\u00e9s de todas estas verificaciones no consigues finalizar la compra ponte en contacto con tu banco para solucionar el problema.<\/p>\n<p><strong>\u00bfEs seguro comprar con tarjeta bancaria?<\/strong><br \/>\nS\u00ed, los datos que introduces de tu tarjeta se trasmiten de forma encriptada, utilizamos el protocolo de cifrado conocido como Secure Socket Layer (SSL) para proteger tus datos.<br \/>\nAdemas, para las transacciones con tarjeta se requiere el n\u00famero del c\u00f3digo de seguridad (CVV2) situado en el dorso de la misma, solo si tienes acceso a la tarjeta f\u00edsica lo puedes ver y no queda guardado en nuestro sitio web.[\/vc_column_text][vc_column_text el_id=&#8221;envio&#8221;]\n<h2>ENV\u00cdOS<\/h2>\n<p><strong>\u00bfQu\u00e9 costo tiene el envi\u00f3 de mi pedido?<\/strong><br \/>\nEl costo del env\u00edo Estandar a cualquier parte de M\u00e9xico es apartir de $130MXN.<\/p>\n<p><strong>\u00bfA que lugar puedo enviar mi pedido?<\/strong><br \/>\nA la direcci\u00f3n que nos indiques ya sea de tu domicilio, o trabajo, NUNCA a un apartado de correos.<br \/>\nSolo realizamos env\u00edos dentro de la Rep\u00fablica Mexicana<\/p>\n<p><strong>\u00bfCuando recibir\u00e9 mi pedido?<\/strong><br \/>\nLos plazos de entrega var\u00edan seg\u00fan el tipo de env\u00edo:<br \/>\nEntre 5 y 10 d\u00edas laborables los env\u00edos est\u00e1ndar.<\/p>\n<p><strong>\u00bfPuedo consultar el status de mi pedido?<\/strong><br \/>\nS\u00ed, en el apartado \u201cSeguimiento de orden\u201d, pero adem\u00e1s te notificaremos por e-mail los distintos cambios en el estado de tus pedidos.<\/p>\n<p><strong>\u00bfQu\u00e9 correos recibir\u00e9 acerca de mi pedido?<\/strong><\/p>\n<ol>\n<li>E-mail de confirmaci\u00f3n de tu pedido, en el momento en que efect\u00faes el pago de tu orden<\/li>\n<li>E-mail de confirmaci\u00f3n de env\u00edo, cuando tu pedido salga de nuestro almac\u00e9n al destino que nos hayas indicado.<\/li>\n<\/ol>\n<p><strong>\u00bfCuales son los status de mi pedido?<\/strong><br \/>\nLos estados en que podr\u00e1s encontrar tu pedido en el apartado \u201cSeguimiento de pedido son:<\/p>\n<ul>\n<li>Pagado: una vez que tu pedido ha sido realizado y mientras que la informaci\u00f3n y el pago est\u00e1 siendo procesada y revisada.<\/li>\n<li>En tr\u00e1nsito: cuando los art\u00edculos hayan salido de nuestro almac\u00e9n al destino solicitado.<\/li>\n<li>Entregado: estado final que indica que el pedido se te ha entregado correctamente.<\/li>\n<li>Cancelado: La cancelaci\u00f3n se puede producir por:<\/li>\n<\/ul>\n<ol>\n<li style=\"list-style-type: none;\">\n<ol>\n<li>Alguna incidencia bancaria, o con la direcci\u00f3n de entrega o bien de tipo fraudulento.<\/li>\n<li>Tras 3 intentos fallidos de entrega de la mercanc\u00eda por el transportista en la direcci\u00f3n de env\u00edo indicada.<\/li>\n<li>En el caso de cancelaci\u00f3n, se reintegrar\u00e1 el importe del pedido si se hubiese producido alg\u00fan cargo en la tarjeta.<\/li>\n<\/ol>\n<\/li>\n<\/ol>\n<p><strong>\u00bfQu\u00e9 pasa si no me encuentro en el domicilio a la hora de la entrega?<\/strong><br \/>\nTras un primer intento de entrega, el transportista te dejar\u00e1 una nota confirm\u00e1ndote el intento, y dejando instrucciones para realizar otra visita[\/vc_column_text][vc_column_text el_id=&#8221;devoluciones&#8221;]\n<h2>CAMBIOS Y DEVOLUCIONES<\/h2>\n<p><strong>\u00bfExisten cambios en los productos que compr\u00e9?<br \/>\n<\/strong>Si existen cambios, los cuales podran solicitarse en 2 casos:<\/p>\n<ul>\n<li>Cambio por defecto de fabricaci\u00f3n<\/li>\n<li>Cambio por talla (suceptible a existencia del producto)<\/li>\n<\/ul>\n<p><strong>\u00bfTiene algun costo la devoluci<\/strong><strong>\u00f3n o cambio?<br \/>\n<\/strong>Solamente en caso de que el cambio o devoluci\u00f3n sea atribuible a <strong>SAN PASCUALITO REY,<\/strong> se podr\u00e1 enviar un nuevo producto sin cargo alguno para El COMPRADOR.<\/p>\n<p>Por el contrario, si el cambio es por cuestiones atribuibles al <strong>COMPRADOR<\/strong>, los costos, gastos y dem\u00e1s erogaciones por concepto de env\u00edo, ser\u00e1n a cargo \u00fanica y exclusivamente del COMPRADOR.<\/p>\n<p><strong>\u00bfCuanto tiempo tengo para realizar una devoluci\u00f3n o cambio?<br \/>\n<\/strong>El tiempo para poder solicitar un cambio o devoluci\u00f3n es de 5 d\u00edas naturales despues de haber recibido la orden.<\/p>\n<p><strong>\u00bfPuedo devolver cualquier articulo?<br \/>\n<\/strong>Existen articulos que no pueden ser devueltos, como son: discos, libros y revistas, art\u00edculos personalizados y art\u00edculos de uso personal.<\/p>\n<p><strong>\u00bfC\u00f3mo puedo devolver un art\u00edculo?<\/strong><br \/>\nDebes solicitar la devoluci\u00f3n a trav\u00e9s de nuestra web en la secci\u00f3n Contacto, la cual sera valorada y se respondera en un plazo de 24 a 72hrs.<\/p>\n<p><strong>\u00bfC\u00f3mo recibir\u00e9 el importe de mi devoluci\u00f3n?<\/strong><br \/>\nUna vez aprobada la devoluci\u00f3n, recibir\u00e1s la devoluci\u00f3n en el mismo medio de pago en el que realizaste tu compra.<br \/>\nEn caso de haber realizado tu compra con un m\u00e9todo de pago no reembolsable por sistema (OXXO, tiendas de conveniencia, deposito, etc) la devoluci\u00f3n se realizar\u00e1 a trav\u00e9s de un cup\u00f3n que recibir\u00e1s en tu correo electr\u00f3nico y v\u00e1lido en la <a href=\"https:\/\/sanpascualitorey.com\/\">Tienda de San Pascuelito Rey.<\/a><\/p>\n<p><strong>\u00bfCu\u00e1ndo recibir\u00e9 el importe de mi devoluci\u00f3n?<\/strong><br \/>\nEn cuanto se apruebe, recibir\u00e1s un mail de confirmaci\u00f3n indic\u00e1ndote que el importe se abonar\u00e1 en los pr\u00f3ximos d\u00edas. El tiempo de devoluci\u00f3n en una tarjeta de cr\u00e9dito depende siempre de tu entidad bancaria.<\/p>\n<p><strong>Para conocer m\u00e1s acerca de las devoluciones puedes visitar el apartado &#8220;Devoluciones&#8221;\u00a0 en la seccion <a href=\"https:\/\/sanpascualitorey.com\/merch\/terminos-y-condiciones\/\">Terminos y Condiciones<\/a>.<\/strong><\/p>\n<p><em>Sanpascualitorey.com se reserva el derecho de rechazar devoluciones comunicadas o enviadas fuera del plazo fijado, o prendas que no se encuentren en las mismas condiciones en las que fueron recibidas.<\/em>[\/vc_column_text][\/vc_column][\/vc_row]\n","protected":false},"excerpt":{"rendered":"<p>[vc_row][vc_column][vc_column_text] Navega por nuestra tienda Puedes ver todos los art\u00edculos que te gusten. O, si lo &hellip;<\/p>\n","protected":false},"author":3,"featured_media":0,"parent":0,"menu_order":0,"comment_status":"closed","ping_status":"closed","template":"","meta":{"footnotes":""},"class_list":["post-2067","page","type-page","status-publish","hentry"],"_links":{"self":[{"href":"https:\/\/sanpascualitorey.com\/merch\/wp-json\/wp\/v2\/pages\/2067","targetHints":{"allow":["GET"]}}],"collection":[{"href":"https:\/\/sanpascualitorey.com\/merch\/wp-json\/wp\/v2\/pages"}],"about":[{"href":"https:\/\/sanpascualitorey.com\/merch\/wp-json\/wp\/v2\/types\/page"}],"author":[{"embeddable":true,"href":"https:\/\/sanpascualitorey.com\/merch\/wp-json\/wp\/v2\/users\/3"}],"replies":[{"embeddable":true,"href":"https:\/\/sanpascualitorey.com\/merch\/wp-json\/wp\/v2\/comments?post=2067"}],"version-history":[{"count":5,"href":"https:\/\/sanpascualitorey.com\/merch\/wp-json\/wp\/v2\/pages\/2067\/revisions"}],"predecessor-version":[{"id":11019,"href":"https:\/\/sanpascualitorey.com\/merch\/wp-json\/wp\/v2\/pages\/2067\/revisions\/11019"}],"wp:attachment":[{"href":"https:\/\/sanpascualitorey.com\/merch\/wp-json\/wp\/v2\/media?parent=2067"}],"curies":[{"name":"wp","href":"https:\/\/api.w.org\/{rel}","templated":true}]}}