{"id":2065,"date":"2020-02-21T14:15:10","date_gmt":"2020-02-21T20:15:10","guid":{"rendered":"https:\/\/sanpascualitorey.com\/merch\/?page_id=2065"},"modified":"2020-02-27T00:58:29","modified_gmt":"2020-02-27T06:58:29","slug":"terminos-y-condiciones","status":"publish","type":"page","link":"https:\/\/sanpascualitorey.com\/merch\/terminos-y-condiciones\/","title":{"rendered":"T\u00e9rminos y condiciones"},"content":{"rendered":"[vc_row][vc_column][vc_column_text]El presente Contrato establece los t\u00e9rminos y condiciones del uso de la tienda oficial de SAN PASCUALITO REY que regulan el acceso y uso del sitio web www.sanpascualitorey.com (en adelante EL SITIO). Cualquier persona que haga uso de EL SITIO o de los servicios que presta deber\u00e1 sujetarse a los presentes t\u00e9rminos y condiciones junto con las dem\u00e1s pol\u00edticas establecidas por la tienda oficial de SAN PASCUALITO REY.<\/p>\n<p>Cualquier persona que no acepte estos t\u00e9rminos y condiciones, mismos que tienen un car\u00e1cter de obligatorio deber\u00e1 de abstenerse de utilizar EL SITIO y\/o los servicios prestados por la tienda oficial de SAN PASCUALITO REY.<\/p>\n<p>Los servicios prestados por la tienda oficial de SAN PASCUALITO REY solo podr\u00e1n ser utilizados por personas que cuenten con la capacidad legal para contratar.<\/p>\n<h2>DEFINICIONES<\/h2>\n<p>Administrador.\u2013 Persona f\u00edsica que representa y administra una Tienda en la plataforma de SAN PASCUALITO REY.<\/p>\n<p>AGREGADOR (MERCADOPAGO).\u2013 Por acuerdo de la H. Comisi\u00f3n Nacional Bancaria y de Valores se esclarece como: Participante de Redes que, al amparo de un contrato de prestaci\u00f3n de servicios celebrado con un adquirente ofrece a Receptores de Pagos el servicio de aceptaci\u00f3n de Pagos con Tarjetas, y en su caso, provee la infraestructura de TPV\u2019s conectadas a dichas redes.<\/p>\n<p>Comprador.\u2013 Cualquier persona que hace uso del Sitio o Sitios Web de SAN PASCUALITO REY con la finalidad de adquirir bienes y\/o servicios.<\/p>\n<p>Plataforma.\u2013 La plataforma de Comercio Electr\u00f3nico, tienda oficial SAN PASCUALITO REY, as\u00ed como p\u00e1ginas relacionadas administradas por SAN PASCUALITO REY.<\/p>\n<h2>ACEPTACI\u00d3N DE LOS T\u00c9RMINOS DE USO<\/h2>\n<p>Al acceder y navegar a los Sitios web de SAN PASCUALITO REY, El COMPRADOR acepta sujetarse a los presentes T\u00e9rminos y Condiciones sin limitaci\u00f3n o condici\u00f3n alguna, incluyendo las actualizaciones, modificaciones o adiciones que la tienda oficial SAN PASCUALITO REY publique. Por su parte, la tienda oficial SAN PASCUALITO REY manifiesta que trat\u00e1ndose de ciertos servicios y ofertas disponibles en el Sitio o los Sitios Web de SAN PASCUALITO REY, podr\u00e1n regularse por t\u00e9rminos y condiciones adicionales, los cuales podr\u00e1n ser consultados en las p\u00e1ginas que contengan dichos servicios u ofertas o por medio del v\u00ednculo que se publique en dichas p\u00e1ginas u otras direcciones referenciadas hacia dichos t\u00e9rminos y condiciones adicionales.<\/p>\n<p>La tienda oficial de SAN PASCUALITO REY se reserva el derecho de efectuar en cualquier momento modificaciones o actualizaciones a los T\u00e9rminos y Condiciones sin necesidad de notificar personalmente al COMPRADOR. Lo anterior podr\u00e1 ocurrir, para atender pol\u00edticas internas, nuevos requerimientos y\/o para cumplir con nuevas disposiciones legales aplicables, siendo la versi\u00f3n publicada por \u00faltima vez la aplicable en todo momento y en consecuencia la que obligar\u00e1 al COMPRADOR tras su entrada en vigor, dejando sin validez cualquier documento expedido o publicado anteriormente.<\/p>\n<p>Todos los t\u00e9rminos y condiciones modificados entrar\u00e1n en vigor al momento de su publicaci\u00f3n. Todos los COMPRADORES tendr\u00e1n la opci\u00f3n de no aceptar dichas modificaciones; en ese caso quedar\u00e1 disuelto el v\u00ednculo contractual.<\/p>\n<h2>INSCRIPCI\u00d3N<\/h2>\n<p>Para hacer uso de los Sitios web de SAN PASCUALITO REY o de los servicios prestados por la tienda oficial de SAN PASCUALITO REY el COMPRADOR podr\u00e1 optar por cualquiera de las siguientes opciones:<\/p>\n<p>El COMPRADOR podr\u00e1 crear una cuenta registr\u00e1ndose en la tienda oficial de SAN PASCUALITO REY debiendo ingresar la informaci\u00f3n correspondiente en todos los campos con datos v\u00e1lidos de manera exacta, precisa y verdadera. En este caso El COMPRADOR asume el compromiso de actualizar su informaci\u00f3n cuando exista alg\u00fan cambio en la informaci\u00f3n previamente ingresada. La tienda oficial de SAN PASCUALITO REY podr\u00e1 utilizar diversos medios para identificar a los COMPRADORES, sin que esto implique que la tienda oficial de SAN PASCUALITO REY se responsabiliza por la certeza de la informaci\u00f3n provista por la persona que se ostente como, COMPRADOR. As\u00ed mismo, El COMPRADOR garantiza y responde, en cualquier caso, de la veracidad, exactitud, vigencia y autenticidad de la informaci\u00f3n ingresada para su registro.<\/p>\n<p>La tienda oficial de SAN PASCUALITO REY se reserva el derecho de solicitar alg\u00fan comprobante y\/o dato adicional con la finalidad de validar la informaci\u00f3n ingresada por El COMPRADOR, as\u00ed como de suspender temporal o definitivamente a aquellos COMPRADORES cuya informaci\u00f3n no haya podido ser comprobada. En este caso, se dar\u00e1 de baja la cuenta del COMPRADOR, sin que ello genere alg\u00fan derecho a resarcimiento.<\/p>\n<p>La tienda oficial de SAN PASCUALITO REY se reserva el derecho de rechazar cualquier solicitud de registro o bien a cancelar un registro previamente realizado, sin que est\u00e9 obligado a notificar al COMPRADOR los motivos que dieron lugar a rechazar o cancelar el registro y sin que este hecho genere alg\u00fan derecho a indemnizaci\u00f3n o resarcimiento.<\/p>\n<p>El COMPRADOR podr\u00e1 ingresar al Sitio como invitado. En este supuesto, el COMPRADOR podr\u00e1 navegar sin limitaci\u00f3n alguna por el Sitio sin que requiera la creaci\u00f3n de una cuenta para navegar y comprar.<\/p>\n<h2>INFORMACI\u00d3N INTRODUCIDA POR EL COMPRADOR<\/h2>\n<p>La tienda oficial de SAN PASCUALITO REY en todo momento dar\u00e1 cumplimiento a las leyes de protecci\u00f3n de datos aplicables y a los t\u00e9rminos de su Aviso de Privacidad con respecto a los datos e informaci\u00f3n proporcionados por El COMPRADOR. Derivado de lo anterior la tienda oficial de SAN PASCUALITO REY hace saber al COMPRADOR que podr\u00e1 usar los datos e informaci\u00f3n que publique para fines estad\u00edsticos, de mercadotecnia, promocionales entre otros.<\/p>\n<p>El aviso de privacidad podr\u00e1 ser consultado en la siguiente direcci\u00f3n web https:\/\/sanpascualitorey.com\/merch\/politica-de-privacidad\/<\/p>\n<p>El COMPRADOR autoriza a la tienda oficial de SAN PASCUALITO REY a utilizar su informaci\u00f3n personal para fines propios de la operaci\u00f3n en el Sitio o en los sitios web de SAN PASCUALITO REY. La tienda oficial de SAN PASCUALITO REY por su parte, se obliga a no transmitir, ceder o enajenar de forma alguna sus datos a favor de un tercero, salvo que hubiere recabado previamente el consentimiento del COMPRADOR para dichos efectos, a excepci\u00f3n de nombre y correo electr\u00f3nico para fines informativos, promocionales o publicitarios. Si El COMPRADOR lo desea, en cualquier momento y a trav\u00e9s de los medios dispuestos para tal efecto, podr\u00e1 solicitar que lo excluyan de las listas para el env\u00edo de informaci\u00f3n promocional o publicitaria.<\/p>\n<p>La tienda oficial de SAN PASCUALITO REY utiliza tecnolog\u00eda cookie y de rastreo de IP cuando un COMPRADOR navega por El Sitio o Los Sitios web de SAN PASCUALITO REY, lo anterior le permite reconocer a los COMPRADORES registrados sin que tengan que ingresar su e-mail cada vez que acceden a los Sitios web de SAN PASCUALITO REY y recopilar cierta informaci\u00f3n de sus coincidencias, preferencias y operaciones. El rechazo por parte del COMPRADOR para que SAN PASCUALITO REY mantenga un registro de sus cookies podr\u00e1 afectar el mejor funcionamiento del Sitio o de Los Sitios web de SAN PASCUALITO REY con respecto a dicho COMPRADOR. En caso de permitir la utilizaci\u00f3n de esta tecnolog\u00eda, El COMPRADOR consiente que la informaci\u00f3n personal que as\u00ed se obtenga, podr\u00e1 ser utilizada para analizar sus preferencias, para definir y ejecutar pol\u00edticas de marketing personalizadas y para otras aplicaciones vinculadas en El Sitio o Los Sitios web de SAN PASCUALITO REY y\/o de sus filiales, subsidiarias o asociadas.<\/p>\n<h2>CONDICIONES DE COMPRA<\/h2>\n<p>El COMPRADOR podr\u00e1 comprar en l\u00ednea entrando a la tienda oficial de SAN PASCUALITO REY en www.sanpascualitorey.com\/merch\/. En dicho sitio, ser\u00e1 desplegado un cat\u00e1logo de productos. As\u00ed mismo, podr\u00e1 acceder de manera directa con la URL de cualquiera de los productos de SAN PASCUALITO REY.<\/p>\n<p>Una vez dentro de la tienda, podr\u00e1 revisar el desplegado de productos y, en caso de querer manifestar su intenci\u00f3n de compra deber\u00e1 dar clic sobre la imagen del producto de que se trate; la imagen ser\u00e1 ampliada y ser\u00e1 desplegada la informaci\u00f3n y disponibilidad de dicho producto, en caso de que la informaci\u00f3n proporcionada se ajuste a las necesidades del COMPRADOR \u00e9ste deber\u00e1 dar clic en el bot\u00f3n Agregar al carrito, seguido de esto debera revisar su carrito de compra y en caso de ser aprobado por el COMPRADOR, hacer click en el boton FINALIZAR COMPRA.<\/p>\n<p>Hecho lo anterior, se desplegar\u00e1 una nueva ventana dividida en los siguientes apartados:<\/p>\n<p>El apartado FACTURACI\u00d3N solicitar\u00e1 informaci\u00f3n acerca de la ciudad, estado, direcci\u00f3n, domicilio con n\u00famero (tanto interior como exterior), colonia y c\u00f3digo postal donde deber\u00e1 realizarse la entrega.<\/p>\n<p>El apartado ENV\u00cdO pide seleccionar el metodo de env\u00edo que a seleccion del COMPRADOR se usara, ademas de pedir informaci\u00f3n adicional.<\/p>\n<p>El apartado INFORMACI\u00d3N DE PAGO se seecciona como medio de pago cualquiera de las opciones que se ofrecen segun nuestro servicio de pagos MERCADO PAGO los cuales pueden ser Tarjeta de cr\u00e9dito o d\u00e9bito; Dep\u00f3sito Bancario; Dep\u00f3sito en Tiendas con convenio.<\/p>\n<p>En caso de realizar la compra con Tarjeta de cr\u00e9dito o d\u00e9bito, misma que es procesada por un Tercero designado por la tienda oficial de SAN PASCUALITO REY (MERCADOPAGO), se solicitar\u00e1 informaci\u00f3n como puede ser pero sin limitarse a: datos de la tarjeta (Nombre del titular, N\u00famero de tarjeta, Fecha de expiraci\u00f3n as\u00ed como el c\u00f3digo de seguridad); por pol\u00edticas de seguridad esta opci\u00f3n de pago puede requerir un proceso adicional de confirmaci\u00f3n (env\u00edo de documentos v\u00eda electr\u00f3nica) y\/o la opci\u00f3n de realizar un cargo de prueba.<\/p>\n<p>La tienda oficial de SAN PASCUALITO REY, no ser\u00e1 responsable en caso de que el banco emisor cancele dichos plazos por falta de pago por parte de El COMPRADOR.<\/p>\n<p>La tienda oficial de SAN PASCUALITO REY cuenta con medidas de seguridad disponibles para el manejo de la informaci\u00f3n de compra, as\u00ed mismo, la tienda oficial de SAN PASCUALITO REY manifiesta que no tiene acceso ni almacena datos sensibles relativos al medio de pago utilizado por el COMPRADOR. \u00danicamente el AGREGADOR (MERCADOPAGO) quien funge como entidad procesadora de pago tiene acceso a estos datos a efecto de poder operar las transacciones. Es importante resaltar que, el AGREGADOR (MERCADOPAGO) es un tercero totalmente ajeno a la tienda oficial de SAN PASCUALITO REY, por lo que la tienda oficial de SAN PASCUALITO REY no puede responder por el uso que d\u00e9 a dichos datos.<\/p>\n<h2>ENV\u00cdO DE PRODUCTOS<\/h2>\n<p>El tiempo de entrega del producto por parte de la Mensajer\u00eda inicia a partir de la confirmaci\u00f3n de la recepci\u00f3n de la orden por parte de la Tienda. Para realizar la entrega del producto en el domicilio registrado por el COMPRADOR, ser\u00e1 necesario que la persona se identifique con un documento oficial (credencial para votar, pasaporte o forma migratoria aplicable en su caso), en cuyo caso el personal de mensajer\u00eda podr\u00e1 solicitar una copia fotost\u00e1tica del mismo o tomar una fotograf\u00eda del documento de identificaci\u00f3n mostrado \u00fanicamente para generar el expediente correspondiente.<\/p>\n<p>El COMPRADOR podr\u00e1 elegir entre diferentes tipos de env\u00edo, sujetos a la disponibilidad del \u00e1rea geogr\u00e1fica para la entrega del producto, los cuales se detallan a continuaci\u00f3n:<\/p>\n<p>Env\u00edo Estandar: Con un plazo de entrega de 3 a 7 d\u00edas h\u00e1biles posteriores a la confirmaci\u00f3n de Mensajer\u00eda de recepci\u00f3n de la orden por parte de la Tienda.<\/p>\n<p>Las entregas \u00fanicamente se realizar\u00e1n en direcciones establecidas (casa habitacional, oficina o comercio), en ning\u00fan caso las entregas se realizar\u00e1n en lugares p\u00fablicos.<\/p>\n<p>El paquete \u00fanicamente ser\u00e1 entregado hasta haber recibido la totalidad del pago del paquete y costos de env\u00edo.<\/p>\n<h2>PRIVACIDAD<\/h2>\n<p>De conformidad a la Ley Federal de Protecci\u00f3n de Datos Personales en Posesi\u00f3n de los Particulares, la tienda oficial de SAN PASCUALITO REY es el responsable de su informaci\u00f3n personal. En este sentido, le sugerimos leer el Aviso de Privacidad, al que se sujeta el tratamiento de la informaci\u00f3n personal de los COMPRADORES en la tienda oficial de de SAN PASCUALITO REY, sus filiales y\/o subsidiarias.<\/p>\n<h2>RESTRICCIONES DE EDAD<\/h2>\n<p>Los Sitios web de SAN PASCUALITO REY est\u00e1n dise\u00f1ados para usuarios que tengan por lo menos 18 a\u00f1os cumplidos en adelante. Los COMPRADORES menores a 18 a\u00f1os deben obtener la ayuda de su padre o tutor para utilizar el Sitio web.<\/p>\n<h2>EXCLUSI\u00d3N DE RESPONSABILIDAD DE SAN PASCUALITO REY<\/h2>\n<p>Al utilizar los sitios web de SAN PASCUALITO REY sus filiales y\/o subsidiarias, usted acepta expresamente que el uso de los sitios web de SAN PASCUALITO REY es bajo propio riesgo. Los sitios web de SAN PASCUALITO REY se ofrecen tal como est\u00e1n y seg\u00fan est\u00e9n disponibles. SAN PASCUALITO REY no garantiza que el uso de los Sitios web de SAN PASCUALITO REY estar\u00e1n libres de interrupciones o de errores involuntarios. SAN PASCUALITO REY no garantiza la certeza, integridad o la exhaustividad del contenido presentado en los Sitios web de SAN PASCUALITO REY o de los productos o servicios ofrecidos en los Sitios web de SAN PASCUALITO REY, sus filiales y\/o subsidiarias.<\/p>\n<p>SAN PASCUALITO REY expresamente rechaza garantizar, ya sea expresa o impl\u00edcitamente, incluyendo sin limitar el otorgamiento de cualquier garant\u00eda sobre la propiedad, comerciabilidad o aptitud que se requiera para un fin espec\u00edfico al m\u00e1ximo grado posible bajo las leyes aplicables. Ninguna informaci\u00f3n verbal ofrecida por SAN PASCUALITO REY constituir\u00e1 garant\u00eda alguna.<\/p>\n<p>SAN PASCUALITO REY no ser\u00e1 responsable bajo ninguna circunstancia de los da\u00f1os y perjuicios directos, indirectos, incidentales, especiales o consecuenciales, causados por el mal uso o inhabilidad del COMPRADOR de los Sitios web de SAN PASCUALITO REY, incluyendo sin limitaci\u00f3n, los da\u00f1os o perjuicios que puedan originarse en caso que El COMPRADOR se apoye de informaci\u00f3n publicada a trav\u00e9s de los Sitios de SAN PASCUALITO REY, que resulte ser producto de un error, omisi\u00f3n, interrupci\u00f3n, supresi\u00f3n y\/o, corrupci\u00f3n de alg\u00fan archivo. Este p\u00e1rrafo aplicar\u00e1 a todo contenido, producto y servicio ofrecido por medio de cualquiera de los sitios web de SAN PASCUALITO REY y que no quede bajo el control o que no hubiere sido posible prevenir o evitar por parte de SAN PASCUALITO REY.<\/p>\n<p>SAN PASCUALITO REY en ning\u00fan caso garantiza la veracidad y calidad de los productos, servicios, informaci\u00f3n o cualquier otro tipo de material que sea adquirido u obtenido por medio de los sitios web de SAN PASCUALITO REY, de igual manera SAN PASCUALITO REY no garantiza que los productos adquiridos cumplir\u00e1n o deban cumplir con las expectativas del Comprador.<\/p>\n<h2>CAMBIOS Y DEVOLUCIONES<\/h2>\n<p>El COMPRADOR podr\u00e1 solicitar el cambio de un producto o la devoluci\u00f3n de su dinero. El COMPRADOR solicitar\u00e1 el intercambio de un producto o el reembolso de su dinero por correo ordinario, siempre que el producto no est\u00e9 en la lista de restricciones y el reclamo se presente dentro de los primeros 5 d\u00edas despu\u00e9s de haber recibido la orden de compra respectiva. Los gastos derivados de la devoluci\u00f3n o cambio solicitado por El COMPRADOR no ser\u00e1n cubiertos por la tienda oficial de SAN PASCUALITO REY.<\/p>\n<p>Para el caso de cambios de productos, El COMPRADOR deber\u00e1 de consultar las pol\u00edticas de cambios y devoluciones en el siguiente link https:\/\/sanpascualitorey.com\/merch\/como-comprar\/#devoluciones, as\u00ed mismo podr\u00e1 comunicarse al correo tienda@sanpascualitorey.com para obtener informaci\u00f3n respecto a su caso espec\u00edfico dentro de los primeros 5 (cinco) d\u00edas h\u00e1biles a la recepci\u00f3n del producto adquirido.<\/p>\n<p>Cualquier devoluci\u00f3n que realice El COMPRADOR y que resulte procedente, se realizar\u00e1 conforme al m\u00e9todo de pago realizado por el cliente.<\/p>\n<h2>MEC\u00c1NICA DE DEVOLUCI\u00d3N<\/h2>\n<p>Sin perjuicio de lo establecido en estos T\u00e9rminos y Condiciones, el COMPRADOR deber\u00e1 contactar al \u00e1rea de Atenci\u00f3n a Clientes para iniciar su solicitud de cambio f\u00edsico de mercanc\u00eda, o bien, para solicitar el reembolso a su tarjeta de cr\u00e9dito, d\u00e9bito, o bien la generaci\u00f3n de un cup\u00f3n por el monto de la compra. La satisfacci\u00f3n de dicha solicitud estar\u00e1 en todo momento sujeta al cumplimiento de lo dispuesto en estos T\u00e9rminos y Condiciones y en las pol\u00edticas de la tienda oficial de SAN PASCUALITO REY en general.<\/p>\n<p>El(los) producto(s) que regrese el comprador deber\u00e1n estar invariablemente en buen estado, acompa\u00f1ados por el comprobante original de la compra realizada, el empaque e instructivos originales y, en su caso, la factura que se hubiere emitido. En caso de no contar con alguno de los requisitos se\u00f1alados anteriormente, la tienda oficial de SAN PASCUALITO REY no realizar\u00e1 la devoluci\u00f3n respectiva.<\/p>\n<h2>TIPOS DE DEVOLUCI\u00d3N<\/h2>\n<p>La devoluci\u00f3n de los productos podr\u00e1 realizarse a trav\u00e9s de las siguientes opciones:<\/p>\n<p>Cambio f\u00edsico de la mercanc\u00eda: En caso de que se solicite el cambio f\u00edsico del producto, El COMPRADOR deber\u00e1 indicar el motivo del cambio y las especificaciones del producto solicitado. De proceder el cambio, la mercanc\u00eda podr\u00e1 ser enviada al domicilio del COMPRADOR. El producto devuelto deber\u00e1 estar, a discreci\u00f3n de la tienda oficial de SAN PASCUALITO REY, en las condiciones originales de recepci\u00f3n, junto con su empaque y etiqueta originales. En ning\u00fan caso har\u00e1 cambios f\u00edsicos respecto de aquellos productos a los que se refiere el apartado de Restricciones.<\/p>\n<p>Solamente en caso de que el cambio sea atribuible a la tienda oficial de SAN PASCUALITO REY, se podr\u00e1 enviar un nuevo producto sin cargo alguno para El COMPRADOR. Por el contrario, si el cambio es por cuestiones atribuibles al COMPRADOR, los costos, gastos y dem\u00e1s erogaciones por concepto de env\u00edo, ser\u00e1n a cargo \u00fanica y exclusivamente del mismo, por los medios de pago antes descritos. Para el caso de solicitudes de cambio por cuestiones atribuibles a La Tienda, ser\u00e1 esta la que deba cubrir con los gastos necesarios para la sustituci\u00f3n del producto adquirido; dichos gastos deber\u00e1n ser pagados a la tienda oficial de SAN PASCUALITO REY.<\/p>\n<p>La cantidad pagada ser\u00e1 devuelta por uno de los siguientes mecanismos:<\/p>\n<p>Transferencia bancaria: El Comprador podr\u00e1 solicitar la devoluci\u00f3n mediante transferencia bancaria por el total de la compra.<\/p>\n<p>Cup\u00f3n: Si as\u00ed lo desea, El Comprador podr\u00e1 solicitar un cup\u00f3n por el monto total de su compra, mismo que podr\u00e1 ser utilizado por El Comprador para realizar cualquier otra compra en La Tienda de SAN PASCUALITO REY, en un plazo no mayor a 90 d\u00edas. Una vez cumplidos los 90 d\u00edas el cup\u00f3n ser\u00e1 inv\u00e1lido por lo que no se podr\u00e1n realizar compras en ninguna de Las Tiendas afiliadas con SAN PASCUALITO REY.<\/p>\n<h2>RESTRICCIONES<\/h2>\n<p>En ning\u00fan caso habr\u00e1 devoluciones de los siguientes art\u00edculos o departamentos: discos, libros y revistas, art\u00edculos personalizados y art\u00edculos de uso personal.<\/p>\n<h2>CANCELACIONES POR PARTE DEL COMPRADOR<\/h2>\n<p>En caso de que el comprador desee cancelar el pedido este deber\u00e1, ser \u201cnuevo\u201d o encontrarse en proceso de confirmaci\u00f3n por parte de La TIENDA, es necesario que El COMPRADOR envi\u00e9 un correo electr\u00f3nico a TIENDA@SANPASCUALITOREY.COM; en caso de tener un estatus distinto, deber\u00e1 de seguir el proceso de devoluci\u00f3n de mercanc\u00eda, siempre y cuando proceda de conformidad con los T\u00e9rminos y Condiciones, mismo que no incluir\u00e1 el monto correspondiente por concepto de env\u00edo.<\/p>\n<h2>CONTRACARGO<\/h2>\n<p>En caso de que se presente una reclamaci\u00f3n por cargo a tarjeta de cr\u00e9dito o d\u00e9bito no reconocida por El COMPRADOR (denominado Contracargo), la tienda oficial de SAN PASCUALITO REY se reserva el derecho de iniciar la acci\u00f3n legal, coadyuvando con el Ministerio P\u00fablico y la Instituci\u00f3n Financiera para iniciar la Averiguaci\u00f3n Previa por la comisi\u00f3n de un delito. As\u00ed mismo, la tienda oficial de SAN PASCUALITO REY podr\u00e1 tomar las medidas que considere necesarias dentro del marco de la Ley para recuperar los productos si estos fueron entregados al COMPRADOR.<br \/>\nLa baja del COMPRADOR del portal de SAN PASCUALITO REY, no exime de su responsabilidad de pago por operaciones realizadas durante la vigencia de esta en el portal de SAN PASCUALITO REY.<\/p>\n<h2>OBSERVANCIA DE LOS T\u00c9RMINOS DE USO<\/h2>\n<p>Estos T\u00e9rminos y Condiciones se rigen e interpretan de acuerdo con las leyes de M\u00e9xico, sin referencia a sus disposiciones en materia de conflictos de ley. Cualquier y toda controversia sobre la validez o interpretaci\u00f3n de estos T\u00e9rminos de Uso o su cumplimiento, ser\u00e1 resuelta exclusivamente por un tribunal competente ubicado en la Ciudad de M\u00e9xico, el cual constituir\u00e1 la \u00fanica sede para cualquier controversia. Si cualquier parte de estos T\u00e9rminos de Uso deviene ilegal, inv\u00e1lida o no aplicable, dicha parte ser\u00e1 separada y no afectar\u00e1 la validez y cumplimiento de las disposiciones restantes. La tienda oficial de SAN PASCUALITO REY puede modificar estos T\u00e9rminos de Uso en cualquier momento mediante la actualizaci\u00f3n de esta publicaci\u00f3n y el COMPRADOR acepta dichas modificaciones al hacer uso de los servicios.<\/p>\n<p>La tienda oficial de San Pascualito Rey[\/vc_column_text][\/vc_column][\/vc_row]\n","protected":false},"excerpt":{"rendered":"<p>[vc_row][vc_column][vc_column_text]El presente Contrato establece los t\u00e9rminos y condiciones del uso de la tienda oficial de SAN &hellip;<\/p>\n","protected":false},"author":3,"featured_media":0,"parent":0,"menu_order":0,"comment_status":"closed","ping_status":"closed","template":"","meta":{"footnotes":""},"class_list":["post-2065","page","type-page","status-publish","hentry"],"_links":{"self":[{"href":"https:\/\/sanpascualitorey.com\/merch\/wp-json\/wp\/v2\/pages\/2065","targetHints":{"allow":["GET"]}}],"collection":[{"href":"https:\/\/sanpascualitorey.com\/merch\/wp-json\/wp\/v2\/pages"}],"about":[{"href":"https:\/\/sanpascualitorey.com\/merch\/wp-json\/wp\/v2\/types\/page"}],"author":[{"embeddable":true,"href":"https:\/\/sanpascualitorey.com\/merch\/wp-json\/wp\/v2\/users\/3"}],"replies":[{"embeddable":true,"href":"https:\/\/sanpascualitorey.com\/merch\/wp-json\/wp\/v2\/comments?post=2065"}],"version-history":[{"count":5,"href":"https:\/\/sanpascualitorey.com\/merch\/wp-json\/wp\/v2\/pages\/2065\/revisions"}],"predecessor-version":[{"id":2371,"href":"https:\/\/sanpascualitorey.com\/merch\/wp-json\/wp\/v2\/pages\/2065\/revisions\/2371"}],"wp:attachment":[{"href":"https:\/\/sanpascualitorey.com\/merch\/wp-json\/wp\/v2\/media?parent=2065"}],"curies":[{"name":"wp","href":"https:\/\/api.w.org\/{rel}","templated":true}]}}